{"id":871,"date":"2022-08-15T07:14:18","date_gmt":"2022-08-15T07:14:18","guid":{"rendered":"https:\/\/francenepalvoyage.com\/?page_id=871"},"modified":"2024-07-08T16:55:43","modified_gmt":"2024-07-08T11:10:43","slug":"booking","status":"publish","type":"page","link":"https:\/\/francenepalvoyage.com\/en\/booking\/","title":{"rendered":"Booking"},"content":{"rendered":"<div class=\"wpforms-container wpforms-container-full\" id=\"wpforms-835\"><form id=\"wpforms-form-835\" class=\"wpforms-validate wpforms-form wpforms-ajax-form\" data-formid=\"835\" method=\"post\" enctype=\"multipart\/form-data\" action=\"\/en\/wp-json\/wp\/v2\/pages\/871\" data-token=\"0760b89a33a04fb92d52f63faa024236\" data-token-time=\"1778592445\"><noscript class=\"wpforms-error-noscript\">Please enable JavaScript in your browser to complete this form.<\/noscript><div class=\"wpforms-field-container\"><div id=\"wpforms-835-field_13-container\" class=\"wpforms-field wpforms-field-html\" data-field-id=\"13\"><div id=\"wpforms-835-field_13\">D\u00e9tails personnels<\/div><\/div><div id=\"wpforms-835-field_35-container\" class=\"wpforms-field wpforms-field-hidden\" data-field-id=\"35\"><input type=\"hidden\" id=\"wpforms-835-field_35\" name=\"wpforms[fields][35]\"><\/div><div id=\"wpforms-835-field_14-container\" class=\"wpforms-field wpforms-field-text wpforms-one-third wpforms-first\" data-field-id=\"14\"><label class=\"wpforms-field-label\" for=\"wpforms-835-field_14\"> Full Name <span class=\"wpforms-required-label\">*<\/span><\/label><input type=\"text\" id=\"wpforms-835-field_14\" class=\"wpforms-field-large wpforms-field-required\" name=\"wpforms[fields][14]\" placeholder=\"Full Name\" required><\/div><div id=\"wpforms-835-field_15-container\" class=\"wpforms-field wpforms-field-email wpforms-one-third\" data-field-id=\"15\"><label class=\"wpforms-field-label\" for=\"wpforms-835-field_15\">Email <span class=\"wpforms-required-label\">*<\/span><\/label><input type=\"email\" id=\"wpforms-835-field_15\" class=\"wpforms-field-large wpforms-field-required\" name=\"wpforms[fields][15]\" placeholder=\"Email Address\" spellcheck=\"false\" required><\/div><div id=\"wpforms-835-field_16-container\" class=\"wpforms-field wpforms-field-phone wpforms-one-third\" data-field-id=\"16\"><label class=\"wpforms-field-label\" for=\"wpforms-835-field_16\">Phone<\/label><input type=\"tel\" id=\"wpforms-835-field_16\" class=\"wpforms-field-large wpforms-smart-phone-field\" data-rule-smart-phone-field=\"true\" name=\"wpforms[fields][16]\" placeholder=\"Phone Number\" aria-label=\"Phone\" ><\/div><div id=\"wpforms-835-field_18-container\" class=\"wpforms-field wpforms-field-radio wpforms-list-inline\" data-field-id=\"18\"><label class=\"wpforms-field-label\">Gender<\/label><ul id=\"wpforms-835-field_18\"><li class=\"choice-1 depth-1\"><input type=\"radio\" id=\"wpforms-835-field_18_1\" name=\"wpforms[fields][18]\" value=\"Male\"  ><label class=\"wpforms-field-label-inline\" for=\"wpforms-835-field_18_1\">Male<\/label><\/li><li class=\"choice-2 depth-1\"><input type=\"radio\" id=\"wpforms-835-field_18_2\" name=\"wpforms[fields][18]\" value=\"Female\"  ><label class=\"wpforms-field-label-inline\" for=\"wpforms-835-field_18_2\">Female<\/label><\/li><\/ul><\/div><div id=\"wpforms-835-field_19-container\" class=\"wpforms-field wpforms-field-date-time wpforms-one-fourth wpforms-first\" data-field-id=\"19\"><label class=\"wpforms-field-label\" for=\"wpforms-835-field_19\">Date of Birth<\/label><div class=\"wpforms-datepicker-wrap\"><input type=\"text\" id=\"wpforms-835-field_19\" class=\"wpforms-field-date-time-date wpforms-datepicker wpforms-field-large\" data-date-format=\"m\/d\/Y\" data-disable-past-dates=\"0\" data-input=\"true\" name=\"wpforms[fields][19][date]\" placeholder=\"Date of Birth\" ><a title=\"Clear Date\" data-clear role=\"button\" tabindex=\"0\" class=\"wpforms-datepicker-clear\" aria-label=\"Clear Date\" style=\"display:none;\"><\/a><\/div><\/div><div id=\"wpforms-835-field_20-container\" class=\"wpforms-field wpforms-field-text wpforms-one-fourth\" data-field-id=\"20\"><label class=\"wpforms-field-label\" for=\"wpforms-835-field_20\">Nationality<\/label><input type=\"text\" id=\"wpforms-835-field_20\" class=\"wpforms-field-large\" name=\"wpforms[fields][20]\" placeholder=\"Nationality\" ><\/div><div id=\"wpforms-835-field_21-container\" class=\"wpforms-field wpforms-field-text wpforms-one-fourth\" data-field-id=\"21\"><label class=\"wpforms-field-label\" for=\"wpforms-835-field_21\">Occupancy<\/label><input type=\"text\" id=\"wpforms-835-field_21\" class=\"wpforms-field-large\" name=\"wpforms[fields][21]\" placeholder=\"Occupancy\" ><\/div><div id=\"wpforms-835-field_39-container\" class=\"wpforms-field wpforms-field-text wpforms-one-half wpforms-first\" data-field-id=\"39\"><label class=\"wpforms-field-label\" for=\"wpforms-835-field_39\">Pin Code<\/label><input type=\"text\" id=\"wpforms-835-field_39\" class=\"wpforms-field-large\" name=\"wpforms[fields][39]\" placeholder=\"Pin Code\" ><\/div><div id=\"wpforms-835-field_38-container\" class=\"wpforms-field wpforms-field-text wpforms-one-half\" data-field-id=\"38\"><label class=\"wpforms-field-label\" for=\"wpforms-835-field_38\">City<\/label><input type=\"text\" id=\"wpforms-835-field_38\" class=\"wpforms-field-large\" name=\"wpforms[fields][38]\" placeholder=\"City\" ><\/div><div id=\"wpforms-835-field_34-container\" class=\"wpforms-field wpforms-field-select wpforms-field-select-style-classic\" data-field-id=\"34\"><label class=\"wpforms-field-label\" for=\"wpforms-835-field_34\">Package Name<\/label><select id=\"wpforms-835-field_34\" class=\"wpforms-field-large\" name=\"wpforms[fields][34]\"><option value=\"\" class=\"placeholder\" disabled  selected='selected'>----Select One----<\/option><option value=\"534\"  class=\"choice-0 depth-1\"  >Annapurna Base Camp (ABC)<\/option><option value=\"303\"  class=\"choice-1 depth-1\"  >Annapurna Circuit Trek<\/option><option value=\"537\"  class=\"choice-2 depth-1\"  >Annapurna Round<\/option><option value=\"541\"  class=\"choice-3 depth-1\"  >Annapurna's Balconny<\/option><option value=\"709\"  class=\"choice-4 depth-1\"  >Ayurvedic Stay<\/option><option value=\"2761\"  class=\"choice-5 depth-1\"  >Bardiya National Park<\/option><option value=\"4788\"  class=\"choice-6 depth-1\"  >Bhutan, the wonderful land of happiness!<\/option><option value=\"5783\"  class=\"choice-7 depth-1\"  >Bullet 350cc trip: mythical Royal Enfield<\/option><option value=\"686\"  class=\"choice-8 depth-1\"  >Canyoning<\/option><option value=\"615\"  class=\"choice-9 depth-1\"  >Cheese &amp; Wine Tour<\/option><option value=\"2760\"  class=\"choice-10 depth-1\"  >Chitwan National Park<\/option><option value=\"590\"  class=\"choice-11 depth-1\"  >Dhaulagiri Circuit-must<\/option><option value=\"614\"  class=\"choice-12 depth-1\"  >Discover Tea &amp; Coffee<\/option><option value=\"2989\"  class=\"choice-13 depth-1\"  >Eco Farming<\/option><option value=\"699\"  class=\"choice-14 depth-1\"  >Environmentally Friendly<\/option><option value=\"683\"  class=\"choice-15 depth-1\"  >Escalation Climbing<\/option><option value=\"550\"  class=\"choice-16 depth-1\"  >Everest Base Camp-EBC Classic<\/option><option value=\"555\"  class=\"choice-17 depth-1\"  >Everest-3 passes: Giant !<\/option><option value=\"690\"  class=\"choice-18 depth-1\"  >Exotic Ballade<\/option><option value=\"2977\"  class=\"choice-19 depth-1\"  >Festival Balade<\/option><option value=\"544\"  class=\"choice-20 depth-1\"  >Ghandruk- Mardi Himal<\/option><option value=\"552\"  class=\"choice-21 depth-1\"  >Gokyo lake<\/option><option value=\"703\"  class=\"choice-22 depth-1\"  >Handi Trek<\/option><option value=\"705\"  class=\"choice-23 depth-1\"  >Handi Trip<\/option><option value=\"718\"  class=\"choice-24 depth-1\"  >Home Activities<\/option><option value=\"1495\"  class=\"choice-25 depth-1\"  >Home Stay<\/option><option value=\"691\"  class=\"choice-26 depth-1\"  >Human Encounter<\/option><option value=\"557\"  class=\"choice-27 depth-1\"  >In Sherpa's country<\/option><option value=\"616\"  class=\"choice-28 depth-1\"  >In the Yeti Footstep<\/option><option value=\"4604\"  class=\"choice-29 depth-1\"  >Kathmandou, la cit\u00e9e cach\u00e9e : myst\u00e9rieux...<\/option><option value=\"5688\"  class=\"choice-30 depth-1\"  >Kathmandu, the hidden city<\/option><option value=\"2968\"  class=\"choice-31 depth-1\"  >Khaptad National Park<\/option><option value=\"696\"  class=\"choice-32 depth-1\"  >Kitchen From Here<\/option><option value=\"566\"  class=\"choice-33 depth-1\"  >Langtang discovery<\/option><option value=\"586\"  class=\"choice-34 depth-1\"  >Lower Dolpo<\/option><option value=\"595\"  class=\"choice-35 depth-1\"  >Lower Mustang<\/option><option value=\"588\"  class=\"choice-36 depth-1\"  >Makalu Base Camp 1 (MBC)<\/option><option value=\"2969\"  class=\"choice-37 depth-1\"  >Makalu-Barun National Park<\/option><option value=\"2993\"  class=\"choice-38 depth-1\"  >Manang Village<\/option><option value=\"548\"  class=\"choice-39 depth-1\"  >Manaslu circuit<\/option><option value=\"693\"  class=\"choice-40 depth-1\"  >Meeting With Buddha (Lumbini)<\/option><option value=\"559\"  class=\"choice-41 depth-1\"  >Mera peak<\/option><option value=\"2966\"  class=\"choice-42 depth-1\"  >Mohare Danda<\/option><option value=\"710\"  class=\"choice-43 depth-1\"  >Monastic Retreat<\/option><option value=\"684\"  class=\"choice-44 depth-1\"  >Moutain Biking<\/option><option value=\"5687\"  class=\"choice-45 depth-1\"  >Nepal, Himalayan jewels: splendid!<\/option><option value=\"618\"  class=\"choice-46 depth-1\"  >Nepal, Kingdom of Himalaya<\/option><option value=\"698\"  class=\"choice-47 depth-1\"  >NGO Immersion<\/option><option value=\"640\"  class=\"choice-48 depth-1\"  >Off the Trail\/wildernes<\/option><option value=\"623\"  class=\"choice-49 depth-1\"  >Paragliding<\/option><option value=\"2986\"  class=\"choice-50 depth-1\"  >Pilgrimage in Himal<\/option><option value=\"682\"  class=\"choice-51 depth-1\"  >Rafting<\/option><option value=\"2970\"  class=\"choice-52 depth-1\"  >Shivapuri National Park<\/option><option value=\"5782\"  class=\"choice-53 depth-1\"  >Street food: KTM's 5 best cantinas<\/option><option value=\"581\"  class=\"choice-54 depth-1\"  >Tamang's Villages<\/option><option value=\"2990\"  class=\"choice-55 depth-1\"  >Tanka Painting<\/option><option value=\"2975\"  class=\"choice-56 depth-1\"  >Tansen-Palpa<\/option><option value=\"687\"  class=\"choice-57 depth-1\"  >The 3 Kingdom<\/option><option value=\"561\"  class=\"choice-58 depth-1\"  >The Hights Lands<\/option><option value=\"546\"  class=\"choice-59 depth-1\"  >The Lost Valley Nar Phu<\/option><option value=\"5781\"  class=\"choice-60 depth-1\"  >trip 1 Boudhanat - Pashupatinath, Bhaktapur<\/option><option value=\"5780\"  class=\"choice-61 depth-1\"  >Trip 2 Swayambhunath - Durbar Square - Patan<\/option><option value=\"817\"  class=\"choice-62 depth-1\"  >Unforgettable Nepal and India<\/option><option value=\"584\"  class=\"choice-63 depth-1\"  >Upper Dolpo<\/option><option value=\"592\"  class=\"choice-64 depth-1\"  >Upper Mustang<\/option><option value=\"707\"  class=\"choice-65 depth-1\"  >Wildlife Safari<\/option><option value=\"716\"  class=\"choice-66 depth-1\"  >Yoga in Ashram<\/option><option value=\"679\"  class=\"choice-67 depth-1\"  >Zip\/bungee<\/option><\/select><\/div><div id=\"wpforms-835-field_4-container\" class=\"wpforms-field wpforms-field-number\" data-field-id=\"4\"><label class=\"wpforms-field-label\" for=\"wpforms-835-field_4\">Number of Person<\/label><input type=\"number\" id=\"wpforms-835-field_4\" class=\"wpforms-field-large\" name=\"wpforms[fields][4]\" value=\"{start_date}\" placeholder=\"Number of Person\" step=\"any\" ><\/div><div id=\"wpforms-835-field_31-container\" class=\"wpforms-field wpforms-field-textarea\" data-field-id=\"31\"><label class=\"wpforms-field-label\" for=\"wpforms-835-field_31\">Other Specify<\/label><textarea id=\"wpforms-835-field_31\" class=\"wpforms-field-large\" name=\"wpforms[fields][31]\" placeholder=\"Other Specify\" ><\/textarea><\/div><div id=\"wpforms-835-field_32-container\" class=\"wpforms-field wpforms-field-checkbox\" data-field-id=\"32\"><label class=\"wpforms-field-label wpforms-label-hide\">Checkboxes <span class=\"wpforms-required-label\">*<\/span><\/label><ul id=\"wpforms-835-field_32\" class=\"wpforms-field-required\"><li class=\"choice-1 depth-1\"><input type=\"checkbox\" id=\"wpforms-835-field_32_1\" name=\"wpforms[fields][32][]\" value=\"I understand \/ agree the &lt;a href=&quot;\/terms-and-condition\/&quot;&gt;terms and conditions.&lt;\/a&gt;\" required ><label class=\"wpforms-field-label-inline\" for=\"wpforms-835-field_32_1\">I understand \/ agree the <a href=\"\/terms-and-condition\/\">terms and conditions.<\/a><\/label><\/li><\/ul><\/div><\/div><!-- .wpforms-field-container --><div class=\"wpforms-submit-container\" ><input type=\"hidden\" name=\"wpforms[id]\" value=\"835\"><input type=\"hidden\" name=\"page_title\" value=\"\"><input type=\"hidden\" name=\"page_url\" value=\"https:\/\/francenepalvoyage.com\/en\/wp-json\/wp\/v2\/pages\/871\"><input type=\"hidden\" name=\"url_referer\" value=\"\"><button type=\"submit\" name=\"wpforms[submit]\" id=\"wpforms-submit-835\" class=\"wpforms-submit\" data-alt-text=\"Sending...\" data-submit-text=\"Submit\" aria-live=\"assertive\" value=\"wpforms-submit\">Submit<\/button><img loading=\"lazy\" decoding=\"async\" src=\"https:\/\/francenepalvoyage.com\/wp-content\/plugins\/wpforms\/assets\/images\/submit-spin.svg\" class=\"wpforms-submit-spinner\" style=\"display: none;\" width=\"26\" height=\"26\" alt=\"Loading\"><\/div><\/form><\/div>  <!-- .wpforms-container -->\n","protected":false},"excerpt":{"rendered":"","protected":false},"author":1,"featured_media":3792,"parent":0,"menu_order":0,"comment_status":"closed","ping_status":"closed","template":"","meta":{"_acf_changed":false,"footnotes":""},"class_list":["post-871","page","type-page","status-publish","has-post-thumbnail","hentry"],"acf":[],"_links":{"self":[{"href":"https:\/\/francenepalvoyage.com\/en\/wp-json\/wp\/v2\/pages\/871","targetHints":{"allow":["GET"]}}],"collection":[{"href":"https:\/\/francenepalvoyage.com\/en\/wp-json\/wp\/v2\/pages"}],"about":[{"href":"https:\/\/francenepalvoyage.com\/en\/wp-json\/wp\/v2\/types\/page"}],"author":[{"embeddable":true,"href":"https:\/\/francenepalvoyage.com\/en\/wp-json\/wp\/v2\/users\/1"}],"replies":[{"embeddable":true,"href":"https:\/\/francenepalvoyage.com\/en\/wp-json\/wp\/v2\/comments?post=871"}],"version-history":[{"count":0,"href":"https:\/\/francenepalvoyage.com\/en\/wp-json\/wp\/v2\/pages\/871\/revisions"}],"wp:featuredmedia":[{"embeddable":true,"href":"https:\/\/francenepalvoyage.com\/en\/wp-json\/wp\/v2\/media\/3792"}],"wp:attachment":[{"href":"https:\/\/francenepalvoyage.com\/en\/wp-json\/wp\/v2\/media?parent=871"}],"curies":[{"name":"wp","href":"https:\/\/api.w.org\/{rel}","templated":true}]}}