{"id":668,"date":"2022-07-29T10:24:48","date_gmt":"2022-07-29T10:24:48","guid":{"rendered":"https:\/\/francenepalvoyage.com\/?page_id=668"},"modified":"2022-07-29T10:25:29","modified_gmt":"2022-07-29T10:25:29","slug":"trip-planner","status":"publish","type":"page","link":"https:\/\/francenepalvoyage.com\/en\/trip-planner\/","title":{"rendered":"Trip Planner"},"content":{"rendered":"<div class=\"wpforms-container wpforms-container-full\" id=\"wpforms-665\"><form id=\"wpforms-form-665\" class=\"wpforms-validate wpforms-form wpforms-ajax-form\" data-formid=\"665\" method=\"post\" enctype=\"multipart\/form-data\" action=\"\/en\/wp-json\/wp\/v2\/pages\/668\" data-token=\"fb254f16661caa6a07ffb85168e32ce9\" data-token-time=\"1777475301\"><div class=\"wpforms-head-container\"><div class=\"wpforms-title\">Trip Planner<\/div><\/div><noscript class=\"wpforms-error-noscript\">Please enable JavaScript in your browser to complete this form.<\/noscript><div class=\"wpforms-page-indicator circles\" data-indicator=\"circles\" data-indicator-color=\"#72b239\" data-scroll=\"0\"><div class=\"wpforms-page-indicator-page active wpforms-page-indicator-page-1\"><span class=\"wpforms-page-indicator-page-number\" style=\"background-color:#72b239\">1<\/span><span class=\"wpforms-page-indicator-page-title\">Group Type<\/span><\/div><div class=\"wpforms-page-indicator-page  wpforms-page-indicator-page-2\"><span class=\"wpforms-page-indicator-page-number\">2<\/span><span class=\"wpforms-page-indicator-page-title\">Travel Dates<\/span><\/div><div class=\"wpforms-page-indicator-page  wpforms-page-indicator-page-3\"><span class=\"wpforms-page-indicator-page-number\">3<\/span><span class=\"wpforms-page-indicator-page-title\">Contact Details<\/span><\/div><div class=\"wpforms-page-indicator-page  wpforms-page-indicator-page-4\"><span class=\"wpforms-page-indicator-page-number\">4<\/span><span class=\"wpforms-page-indicator-page-title\">Trip Details<\/span><\/div><\/div><div class=\"wpforms-field-container\"><div class=\"wpforms-page wpforms-page-1 \" data-page=\"1\"><div id=\"wpforms-665-field_3-container\" class=\"wpforms-field wpforms-field-pagebreak\" data-field-id=\"3\"><\/div><div id=\"wpforms-665-field_11-container\" class=\"wpforms-field wpforms-field-radio wpforms-one-half wpforms-first wpforms-list-3-columns\" data-field-id=\"11\"><label class=\"wpforms-field-label\">How many people are travelling? <span class=\"wpforms-required-label\">*<\/span><\/label><ul id=\"wpforms-665-field_11\" class=\"wpforms-field-required wpforms-image-choices wpforms-image-choices-classic\"><li class=\"choice-1 depth-1 wpforms-image-choices-item\"><label class=\"wpforms-field-label-inline\" for=\"wpforms-665-field_11_1\" tabindex=\"0\"><span class=\"wpforms-image-choices-image\"><img decoding=\"async\" src=\"https:\/\/francenepalvoyage.com\/wp-content\/uploads\/2022\/06\/people-icon-1.svg\" alt=\"From Individual\" title=\"From Individual\"><\/span><input type=\"radio\" id=\"wpforms-665-field_11_1\" class=\"wpforms-screen-reader-element\" name=\"wpforms[fields][11]\" value=\"From Individual\" tabindex=\"-1\" required ><span class=\"wpforms-image-choices-label\">From Individual<\/span><\/label><\/li><li class=\"choice-2 depth-1 wpforms-image-choices-item\"><label class=\"wpforms-field-label-inline\" for=\"wpforms-665-field_11_2\" tabindex=\"0\"><span class=\"wpforms-image-choices-image\"><img decoding=\"async\" src=\"https:\/\/francenepalvoyage.com\/wp-content\/uploads\/2022\/06\/people-icon-2.svg\" alt=\"From Couple\" title=\"From Couple\"><\/span><input type=\"radio\" id=\"wpforms-665-field_11_2\" class=\"wpforms-screen-reader-element\" name=\"wpforms[fields][11]\" value=\"From Couple\" tabindex=\"-1\" required ><span class=\"wpforms-image-choices-label\">From Couple<\/span><\/label><\/li><li class=\"choice-3 depth-1 wpforms-image-choices-item\"><label class=\"wpforms-field-label-inline\" for=\"wpforms-665-field_11_3\" tabindex=\"0\"><span class=\"wpforms-image-choices-image\"><img decoding=\"async\" src=\"https:\/\/francenepalvoyage.com\/wp-content\/uploads\/2022\/07\/people-icon-4.svg\" alt=\"From 4 pax\" title=\"From 4 pax\"><\/span><input type=\"radio\" id=\"wpforms-665-field_11_3\" class=\"wpforms-screen-reader-element\" name=\"wpforms[fields][11]\" value=\"From 4 pax\" tabindex=\"-1\" required ><span class=\"wpforms-image-choices-label\">From 4 pax<\/span><\/label><\/li><li class=\"choice-4 depth-1 wpforms-image-choices-item\"><label class=\"wpforms-field-label-inline\" for=\"wpforms-665-field_11_4\" tabindex=\"0\"><span class=\"wpforms-image-choices-image\"><img decoding=\"async\" src=\"https:\/\/francenepalvoyage.com\/wp-content\/uploads\/2022\/07\/people-icon-4.svg\" alt=\"From 6 pax\" title=\"From 6 pax\"><\/span><input type=\"radio\" id=\"wpforms-665-field_11_4\" class=\"wpforms-screen-reader-element\" name=\"wpforms[fields][11]\" value=\"From 6 pax\" tabindex=\"-1\" required ><span class=\"wpforms-image-choices-label\">From 6 pax<\/span><\/label><\/li><li class=\"choice-5 depth-1 wpforms-image-choices-item\"><label class=\"wpforms-field-label-inline\" for=\"wpforms-665-field_11_5\" tabindex=\"0\"><span class=\"wpforms-image-choices-image\"><img decoding=\"async\" src=\"https:\/\/francenepalvoyage.com\/wp-content\/uploads\/2022\/07\/people-icon-4.svg\" alt=\"From 8 pax\" title=\"From 8 pax\"><\/span><input type=\"radio\" id=\"wpforms-665-field_11_5\" class=\"wpforms-screen-reader-element\" name=\"wpforms[fields][11]\" value=\"From 8 pax\" tabindex=\"-1\" required ><span class=\"wpforms-image-choices-label\">From 8 pax<\/span><\/label><\/li><\/ul><\/div><div id=\"wpforms-665-field_7-container\" class=\"wpforms-field wpforms-field-pagebreak\" data-field-id=\"7\"><div class=\"wpforms-clear wpforms-pagebreak-left\"><button class=\"wpforms-page-button wpforms-page-next\" data-action=\"next\" data-page=\"1\" data-formid=\"665\" disabled>Next<\/button><\/div><\/div><\/div><div class=\"wpforms-page wpforms-page-2  \" data-page=\"2\" style=\"display:none;\"><div id=\"wpforms-665-field_12-container\" class=\"wpforms-field wpforms-field-radio wpforms-list-3-columns wpforms-conditional-trigger\" data-field-id=\"12\"><label class=\"wpforms-field-label\">When will you be travelling? <span class=\"wpforms-required-label\">*<\/span><\/label><ul id=\"wpforms-665-field_12\" class=\"wpforms-field-required wpforms-image-choices wpforms-image-choices-classic\"><li class=\"choice-1 depth-1 wpforms-image-choices-item\"><label class=\"wpforms-field-label-inline\" for=\"wpforms-665-field_12_1\" tabindex=\"0\"><span class=\"wpforms-image-choices-image\"><img decoding=\"async\" src=\"https:\/\/francenepalvoyage.com\/wp-content\/uploads\/2022\/07\/your-needs.svg\" alt=\"I have my exact dates\" title=\"I have my exact dates\"><\/span><input type=\"radio\" id=\"wpforms-665-field_12_1\" class=\"wpforms-screen-reader-element\" name=\"wpforms[fields][12]\" value=\"I have my exact dates\" tabindex=\"-1\" required ><span class=\"wpforms-image-choices-label\">I have my exact dates<\/span><\/label><\/li><li class=\"choice-2 depth-1 wpforms-image-choices-item\"><label class=\"wpforms-field-label-inline\" for=\"wpforms-665-field_12_2\" tabindex=\"0\"><span class=\"wpforms-image-choices-image\"><img decoding=\"async\" src=\"https:\/\/francenepalvoyage.com\/wp-content\/uploads\/2022\/07\/your-needs.svg\" alt=\"I have my approx. dates\" title=\"I have my approx. dates\"><\/span><input type=\"radio\" id=\"wpforms-665-field_12_2\" class=\"wpforms-screen-reader-element\" name=\"wpforms[fields][12]\" value=\"I have my approx. dates\" tabindex=\"-1\" required ><span class=\"wpforms-image-choices-label\">I have my approx. dates<\/span><\/label><\/li><li class=\"choice-3 depth-1 wpforms-image-choices-item\"><label class=\"wpforms-field-label-inline\" for=\"wpforms-665-field_12_3\" tabindex=\"0\"><span class=\"wpforms-image-choices-image\"><img decoding=\"async\" src=\"https:\/\/francenepalvoyage.com\/wp-content\/uploads\/2022\/07\/your-needs.svg\" alt=\"I will decide later\" title=\"I will decide later\"><\/span><input type=\"radio\" id=\"wpforms-665-field_12_3\" class=\"wpforms-screen-reader-element\" name=\"wpforms[fields][12]\" value=\"I will decide later\" tabindex=\"-1\" required ><span class=\"wpforms-image-choices-label\">I will decide later<\/span><\/label><\/li><\/ul><\/div><div id=\"wpforms-665-field_13-container\" class=\"wpforms-field wpforms-field-date-time wpforms-one-half wpforms-first wpforms-conditional-field wpforms-conditional-show\" data-field-id=\"13\" style=\"display:none;\"><label class=\"wpforms-field-label\" for=\"wpforms-665-field_13\">Pick your trip start date<\/label><div class=\"wpforms-datepicker-wrap\"><input type=\"text\" id=\"wpforms-665-field_13\" class=\"wpforms-field-date-time-date wpforms-datepicker wpforms-field-medium\" data-date-format=\"m\/d\/Y\" data-disable-past-dates=\"0\" data-input=\"true\" name=\"wpforms[fields][13][date]\" ><a title=\"Clear Date\" data-clear role=\"button\" tabindex=\"0\" class=\"wpforms-datepicker-clear\" aria-label=\"Clear Date\" style=\"display:none;\"><\/a><\/div><\/div><div id=\"wpforms-665-field_14-container\" class=\"wpforms-field wpforms-field-date-time wpforms-one-half wpforms-conditional-field wpforms-conditional-show\" data-field-id=\"14\" style=\"display:none;\"><label class=\"wpforms-field-label\" for=\"wpforms-665-field_14\">Pick your trip end date<\/label><div class=\"wpforms-datepicker-wrap\"><input type=\"text\" id=\"wpforms-665-field_14\" class=\"wpforms-field-date-time-date wpforms-datepicker wpforms-field-medium\" data-date-format=\"m\/d\/Y\" data-disable-past-dates=\"0\" data-input=\"true\" name=\"wpforms[fields][14][date]\" ><a title=\"Clear Date\" data-clear role=\"button\" tabindex=\"0\" class=\"wpforms-datepicker-clear\" aria-label=\"Clear Date\" style=\"display:none;\"><\/a><\/div><\/div><div id=\"wpforms-665-field_15-container\" class=\"wpforms-field wpforms-field-select wpforms-one-half wpforms-first wpforms-conditional-field wpforms-conditional-show wpforms-field-select-style-classic\" data-field-id=\"15\" style=\"display:none;\"><label class=\"wpforms-field-label\" for=\"wpforms-665-field_15\">Select your departure month<\/label><select id=\"wpforms-665-field_15\" class=\"wpforms-field-medium\" name=\"wpforms[fields][15]\"><option value=\"Jan\"  class=\"choice-1 depth-1\"  >Jan<\/option><option value=\"Feb\"  class=\"choice-2 depth-1\"  >Feb<\/option><option value=\"March\"  class=\"choice-3 depth-1\"  >March<\/option><option value=\"April\"  class=\"choice-4 depth-1\"  >April<\/option><option value=\"May\"  class=\"choice-5 depth-1\"  >May<\/option><option value=\"June\"  class=\"choice-6 depth-1\"  >June<\/option><option value=\"July\"  class=\"choice-7 depth-1\"  >July<\/option><option value=\"Aug\"  class=\"choice-8 depth-1\"  >Aug<\/option><option value=\"Sep\"  class=\"choice-9 depth-1\"  >Sep<\/option><option value=\"Oct\"  class=\"choice-10 depth-1\"  >Oct<\/option><option value=\"Nov\"  class=\"choice-11 depth-1\"  >Nov<\/option><option value=\"Dec\"  class=\"choice-12 depth-1\"  >Dec<\/option><\/select><\/div><div id=\"wpforms-665-field_16-container\" class=\"wpforms-field wpforms-field-select wpforms-one-half wpforms-conditional-field wpforms-conditional-show wpforms-field-select-style-classic\" data-field-id=\"16\" style=\"display:none;\"><label class=\"wpforms-field-label\" for=\"wpforms-665-field_16\">Select your preferred duration<\/label><select id=\"wpforms-665-field_16\" class=\"wpforms-field-medium\" name=\"wpforms[fields][16]\"><option value=\"Less than 1 Day\"  class=\"choice-1 depth-1\"  >Less than 1 Day<\/option><option value=\"2 Days\"  class=\"choice-2 depth-1\"  >2 Days<\/option><option value=\"3 Days\"  class=\"choice-3 depth-1\"  >3 Days<\/option><option value=\"4 Days\"  class=\"choice-4 depth-1\"  >4 Days<\/option><option value=\"5 Days\"  class=\"choice-5 depth-1\"  >5 Days<\/option><option value=\"6 Days\"  class=\"choice-6 depth-1\"  >6 Days<\/option><option value=\"7 Days\"  class=\"choice-7 depth-1\"  >7 Days<\/option><option value=\"8 Days\"  class=\"choice-8 depth-1\"  >8 Days<\/option><option value=\"9 Days\"  class=\"choice-9 depth-1\"  >9 Days<\/option><option value=\"10 days\"  class=\"choice-10 depth-1\"  >10 days<\/option><option value=\"11 Days\"  class=\"choice-11 depth-1\"  >11 Days<\/option><option value=\"12 Days\"  class=\"choice-12 depth-1\"  >12 Days<\/option><option value=\"13 Days\"  class=\"choice-13 depth-1\"  >13 Days<\/option><option value=\"14 Days\"  class=\"choice-14 depth-1\"  >14 Days<\/option><option value=\"15 Days\"  class=\"choice-15 depth-1\"  >15 Days<\/option><option value=\"16 Days\"  class=\"choice-16 depth-1\"  >16 Days<\/option><option value=\"17 Days\"  class=\"choice-17 depth-1\"  >17 Days<\/option><option value=\"18 Days\"  class=\"choice-18 depth-1\"  >18 Days<\/option><option value=\"19 Days\"  class=\"choice-19 depth-1\"  >19 Days<\/option><option value=\"20 Days\"  class=\"choice-20 depth-1\"  >20 Days<\/option><option value=\"21 Days\"  class=\"choice-21 depth-1\"  >21 Days<\/option><option value=\"22 Days\"  class=\"choice-22 depth-1\"  >22 Days<\/option><option value=\"23 Days\"  class=\"choice-23 depth-1\"  >23 Days<\/option><option value=\"24 Days\"  class=\"choice-24 depth-1\"  >24 Days<\/option><option value=\"25 Days\"  class=\"choice-25 depth-1\"  >25 Days<\/option><option value=\"26 Days\"  class=\"choice-26 depth-1\"  >26 Days<\/option><option value=\"27 Days\"  class=\"choice-27 depth-1\"  >27 Days<\/option><option value=\"28 Days\"  class=\"choice-28 depth-1\"  >28 Days<\/option><option value=\"29 Days\"  class=\"choice-29 depth-1\"  >29 Days<\/option><option value=\"30 Days\"  class=\"choice-30 depth-1\"  >30 Days<\/option><option value=\"More than 30 Days\"  class=\"choice-31 depth-1\"  >More than 30 Days<\/option><\/select><\/div><div id=\"wpforms-665-field_8-container\" class=\"wpforms-field wpforms-field-pagebreak\" data-field-id=\"8\"><div class=\"wpforms-clear wpforms-pagebreak-left\"><button class=\"wpforms-page-button wpforms-page-prev\" data-action=\"prev\" data-page=\"2\" data-formid=\"665\" disabled>Previous<\/button><button class=\"wpforms-page-button wpforms-page-next\" data-action=\"next\" data-page=\"2\" data-formid=\"665\" disabled>Next<\/button><\/div><\/div><\/div><div class=\"wpforms-page wpforms-page-3  \" data-page=\"3\" style=\"display:none;\"><div id=\"wpforms-665-field_27-container\" class=\"wpforms-field wpforms-field-name\" data-field-id=\"27\"><label class=\"wpforms-field-label\">Name <span class=\"wpforms-required-label\">*<\/span><\/label><div class=\"wpforms-field-row wpforms-field-large\"><div class=\"wpforms-field-row-block wpforms-first wpforms-one-half\"><input type=\"text\" id=\"wpforms-665-field_27\" class=\"wpforms-field-name-first wpforms-field-required\" name=\"wpforms[fields][27][first]\" required><label for=\"wpforms-665-field_27\" class=\"wpforms-field-sublabel after\">First<\/label><\/div><div class=\"wpforms-field-row-block wpforms-one-half\"><input type=\"text\" id=\"wpforms-665-field_27-last\" class=\"wpforms-field-name-last wpforms-field-required\" name=\"wpforms[fields][27][last]\" required><label for=\"wpforms-665-field_27-last\" class=\"wpforms-field-sublabel after\">Last<\/label><\/div><\/div><\/div><div id=\"wpforms-665-field_18-container\" class=\"wpforms-field wpforms-field-email wpforms-one-half wpforms-first\" data-field-id=\"18\"><label class=\"wpforms-field-label\" for=\"wpforms-665-field_18\">Email<\/label><input type=\"email\" id=\"wpforms-665-field_18\" class=\"wpforms-field-medium\" name=\"wpforms[fields][18]\" spellcheck=\"false\" ><\/div><div id=\"wpforms-665-field_20-container\" class=\"wpforms-field wpforms-field-text wpforms-one-half\" data-field-id=\"20\"><label class=\"wpforms-field-label\" for=\"wpforms-665-field_20\">Country<\/label><input type=\"text\" id=\"wpforms-665-field_20\" class=\"wpforms-field-medium\" name=\"wpforms[fields][20]\" ><\/div><div id=\"wpforms-665-field_9-container\" class=\"wpforms-field wpforms-field-phone\" data-field-id=\"9\"><label class=\"wpforms-field-label\" for=\"wpforms-665-field_9\">Phone<\/label><input type=\"tel\" id=\"wpforms-665-field_9\" class=\"wpforms-field-medium wpforms-smart-phone-field\" data-rule-smart-phone-field=\"true\" name=\"wpforms[fields][9]\" aria-label=\"Phone\" ><\/div><div id=\"wpforms-665-field_10-container\" class=\"wpforms-field wpforms-field-pagebreak\" data-field-id=\"10\"><div class=\"wpforms-clear wpforms-pagebreak-left\"><button class=\"wpforms-page-button wpforms-page-prev\" data-action=\"prev\" data-page=\"3\" data-formid=\"665\" disabled>Previous<\/button><button class=\"wpforms-page-button wpforms-page-next\" data-action=\"next\" data-page=\"3\" data-formid=\"665\" disabled>Next<\/button><\/div><\/div><\/div><div class=\"wpforms-page wpforms-page-4 last \" data-page=\"4\" style=\"display:none;\"><div id=\"wpforms-665-field_23-container\" class=\"wpforms-field wpforms-field-radio wpforms-conditional-trigger\" data-field-id=\"23\"><label class=\"wpforms-field-label\">Select Packages<\/label><ul id=\"wpforms-665-field_23\"><li class=\"choice-1 depth-1\"><input type=\"radio\" id=\"wpforms-665-field_23_1\" name=\"wpforms[fields][23]\" value=\"Choose Package\"  ><label class=\"wpforms-field-label-inline\" for=\"wpforms-665-field_23_1\">Choose Package<\/label><\/li><li class=\"choice-2 depth-1\"><input type=\"radio\" id=\"wpforms-665-field_23_2\" name=\"wpforms[fields][23]\" value=\"Custom Package\"  ><label class=\"wpforms-field-label-inline\" for=\"wpforms-665-field_23_2\">Custom Package<\/label><\/li><\/ul><\/div><div id=\"wpforms-665-field_25-container\" class=\"wpforms-field wpforms-field-select wpforms-conditional-field wpforms-conditional-show wpforms-field-select-style-classic\" data-field-id=\"25\" style=\"display:none;\"><label class=\"wpforms-field-label\" for=\"wpforms-665-field_25\">Package<\/label><select id=\"wpforms-665-field_25\" class=\"wpforms-field-medium\" name=\"wpforms[fields][25]\"><option value=\"\" class=\"placeholder\" disabled  selected='selected'>----Select One----<\/option><option value=\"534\"  class=\"choice-0 depth-1\"  >Annapurna Base Camp (ABC)<\/option><option value=\"303\"  class=\"choice-1 depth-1\"  >Annapurna Circuit Trek<\/option><option value=\"537\"  class=\"choice-2 depth-1\"  >Annapurna Round<\/option><option value=\"541\"  class=\"choice-3 depth-1\"  >Annapurna's Balconny<\/option><option value=\"709\"  class=\"choice-4 depth-1\"  >Ayurvedic Stay<\/option><option value=\"2761\"  class=\"choice-5 depth-1\"  >Bardiya National Park<\/option><option value=\"4788\"  class=\"choice-6 depth-1\"  >Bhutan, the wonderful land of happiness!<\/option><option value=\"5783\"  class=\"choice-7 depth-1\"  >Bullet 350cc trip: mythical Royal Enfield<\/option><option value=\"686\"  class=\"choice-8 depth-1\"  >Canyoning<\/option><option value=\"615\"  class=\"choice-9 depth-1\"  >Cheese &amp; Wine Tour<\/option><option value=\"2760\"  class=\"choice-10 depth-1\"  >Chitwan National Park<\/option><option value=\"590\"  class=\"choice-11 depth-1\"  >Dhaulagiri Circuit-must<\/option><option value=\"614\"  class=\"choice-12 depth-1\"  >Discover Tea &amp; Coffee<\/option><option value=\"2989\"  class=\"choice-13 depth-1\"  >Eco Farming<\/option><option value=\"699\"  class=\"choice-14 depth-1\"  >Environmentally Friendly<\/option><option value=\"683\"  class=\"choice-15 depth-1\"  >Escalation Climbing<\/option><option value=\"550\"  class=\"choice-16 depth-1\"  >Everest Base Camp-EBC Classic<\/option><option value=\"555\"  class=\"choice-17 depth-1\"  >Everest-3 passes: Giant !<\/option><option value=\"690\"  class=\"choice-18 depth-1\"  >Exotic Ballade<\/option><option value=\"2977\"  class=\"choice-19 depth-1\"  >Festival Balade<\/option><option value=\"544\"  class=\"choice-20 depth-1\"  >Ghandruk- Mardi Himal<\/option><option value=\"552\"  class=\"choice-21 depth-1\"  >Gokyo lake<\/option><option value=\"703\"  class=\"choice-22 depth-1\"  >Handi Trek<\/option><option value=\"705\"  class=\"choice-23 depth-1\"  >Handi Trip<\/option><option value=\"718\"  class=\"choice-24 depth-1\"  >Home Activities<\/option><option value=\"1495\"  class=\"choice-25 depth-1\"  >Home Stay<\/option><option value=\"691\"  class=\"choice-26 depth-1\"  >Human Encounter<\/option><option value=\"557\"  class=\"choice-27 depth-1\"  >In Sherpa's country<\/option><option value=\"616\"  class=\"choice-28 depth-1\"  >In the Yeti Footstep<\/option><option value=\"4604\"  class=\"choice-29 depth-1\"  >Kathmandou, la cit\u00e9e cach\u00e9e : myst\u00e9rieux...<\/option><option value=\"5688\"  class=\"choice-30 depth-1\"  >Kathmandu, the hidden city<\/option><option value=\"2968\"  class=\"choice-31 depth-1\"  >Khaptad National Park<\/option><option value=\"696\"  class=\"choice-32 depth-1\"  >Kitchen From Here<\/option><option value=\"566\"  class=\"choice-33 depth-1\"  >Langtang discovery<\/option><option value=\"586\"  class=\"choice-34 depth-1\"  >Lower Dolpo<\/option><option value=\"595\"  class=\"choice-35 depth-1\"  >Lower Mustang<\/option><option value=\"588\"  class=\"choice-36 depth-1\"  >Makalu Base Camp 1 (MBC)<\/option><option value=\"2969\"  class=\"choice-37 depth-1\"  >Makalu-Barun National Park<\/option><option value=\"2993\"  class=\"choice-38 depth-1\"  >Manang Village<\/option><option value=\"548\"  class=\"choice-39 depth-1\"  >Manaslu circuit<\/option><option value=\"693\"  class=\"choice-40 depth-1\"  >Meeting With Buddha (Lumbini)<\/option><option value=\"559\"  class=\"choice-41 depth-1\"  >Mera peak<\/option><option value=\"2966\"  class=\"choice-42 depth-1\"  >Mohare Danda<\/option><option value=\"710\"  class=\"choice-43 depth-1\"  >Monastic Retreat<\/option><option value=\"684\"  class=\"choice-44 depth-1\"  >Moutain Biking<\/option><option value=\"5687\"  class=\"choice-45 depth-1\"  >Nepal, Himalayan jewels: splendid!<\/option><option value=\"618\"  class=\"choice-46 depth-1\"  >Nepal, Kingdom of Himalaya<\/option><option value=\"698\"  class=\"choice-47 depth-1\"  >NGO Immersion<\/option><option value=\"640\"  class=\"choice-48 depth-1\"  >Off the Trail\/wildernes<\/option><option value=\"623\"  class=\"choice-49 depth-1\"  >Paragliding<\/option><option value=\"2986\"  class=\"choice-50 depth-1\"  >Pilgrimage in Himal<\/option><option value=\"682\"  class=\"choice-51 depth-1\"  >Rafting<\/option><option value=\"2970\"  class=\"choice-52 depth-1\"  >Shivapuri National Park<\/option><option value=\"5782\"  class=\"choice-53 depth-1\"  >Street food: KTM's 5 best cantinas<\/option><option value=\"581\"  class=\"choice-54 depth-1\"  >Tamang's Villages<\/option><option value=\"2990\"  class=\"choice-55 depth-1\"  >Tanka Painting<\/option><option value=\"2975\"  class=\"choice-56 depth-1\"  >Tansen-Palpa<\/option><option value=\"687\"  class=\"choice-57 depth-1\"  >The 3 Kingdom<\/option><option value=\"561\"  class=\"choice-58 depth-1\"  >The Hights Lands<\/option><option value=\"546\"  class=\"choice-59 depth-1\"  >The Lost Valley Nar Phu<\/option><option value=\"5781\"  class=\"choice-60 depth-1\"  >trip 1 Boudhanat - Pashupatinath, Bhaktapur<\/option><option value=\"5780\"  class=\"choice-61 depth-1\"  >Trip 2 Swayambhunath - Durbar Square - Patan<\/option><option value=\"817\"  class=\"choice-62 depth-1\"  >Unforgettable Nepal and India<\/option><option value=\"584\"  class=\"choice-63 depth-1\"  >Upper Dolpo<\/option><option value=\"592\"  class=\"choice-64 depth-1\"  >Upper Mustang<\/option><option value=\"707\"  class=\"choice-65 depth-1\"  >Wildlife Safari<\/option><option value=\"716\"  class=\"choice-66 depth-1\"  >Yoga in Ashram<\/option><option value=\"679\"  class=\"choice-67 depth-1\"  >Zip\/bungee<\/option><\/select><\/div><div id=\"wpforms-665-field_26-container\" class=\"wpforms-field wpforms-field-text wpforms-conditional-field wpforms-conditional-show\" data-field-id=\"26\" style=\"display:none;\"><label class=\"wpforms-field-label\" for=\"wpforms-665-field_26\">Custom Package<\/label><input type=\"text\" id=\"wpforms-665-field_26\" class=\"wpforms-field-medium\" name=\"wpforms[fields][26]\" ><\/div><div id=\"wpforms-665-field_21-container\" class=\"wpforms-field wpforms-field-text\" data-field-id=\"21\"><label class=\"wpforms-field-label\" for=\"wpforms-665-field_21\">Give Your Trip a Short Title  <span class=\"wpforms-required-label\">*<\/span><\/label><input type=\"text\" id=\"wpforms-665-field_21\" class=\"wpforms-field-medium wpforms-field-required\" name=\"wpforms[fields][21]\" required><\/div><div id=\"wpforms-665-field_22-container\" class=\"wpforms-field wpforms-field-textarea\" data-field-id=\"22\"><label class=\"wpforms-field-label\" for=\"wpforms-665-field_22\">Describe Your Trip <span class=\"wpforms-required-label\">*<\/span><\/label><textarea id=\"wpforms-665-field_22\" class=\"wpforms-field-medium wpforms-field-required\" name=\"wpforms[fields][22]\" required><\/textarea><\/div><div id=\"wpforms-665-field_4-container\" class=\"wpforms-field wpforms-field-pagebreak\" data-field-id=\"4\"><div class=\"wpforms-clear wpforms-pagebreak-left\"><\/div><\/div><\/div><\/div><!-- .wpforms-field-container --><div class=\"wpforms-submit-container\" style=\"display:none;\"><input type=\"hidden\" name=\"wpforms[id]\" value=\"665\"><input type=\"hidden\" name=\"page_title\" value=\"\"><input type=\"hidden\" name=\"page_url\" value=\"https:\/\/francenepalvoyage.com\/en\/wp-json\/wp\/v2\/pages\/668\"><input type=\"hidden\" name=\"url_referer\" value=\"\"><button type=\"submit\" name=\"wpforms[submit]\" id=\"wpforms-submit-665\" class=\"wpforms-submit\" data-alt-text=\"Sending...\" data-submit-text=\"Submit\" aria-live=\"assertive\" value=\"wpforms-submit\">Submit<\/button><img loading=\"lazy\" decoding=\"async\" src=\"https:\/\/francenepalvoyage.com\/wp-content\/plugins\/wpforms\/assets\/images\/submit-spin.svg\" class=\"wpforms-submit-spinner\" style=\"display: none;\" width=\"26\" height=\"26\" alt=\"Loading\"><\/div><\/form><\/div>  <!-- .wpforms-container -->\r\n\r\n","protected":false},"excerpt":{"rendered":"","protected":false},"author":1,"featured_media":0,"parent":0,"menu_order":0,"comment_status":"closed","ping_status":"closed","template":"","meta":{"_acf_changed":false,"footnotes":""},"class_list":["post-668","page","type-page","status-publish","hentry"],"acf":[],"_links":{"self":[{"href":"https:\/\/francenepalvoyage.com\/en\/wp-json\/wp\/v2\/pages\/668","targetHints":{"allow":["GET"]}}],"collection":[{"href":"https:\/\/francenepalvoyage.com\/en\/wp-json\/wp\/v2\/pages"}],"about":[{"href":"https:\/\/francenepalvoyage.com\/en\/wp-json\/wp\/v2\/types\/page"}],"author":[{"embeddable":true,"href":"https:\/\/francenepalvoyage.com\/en\/wp-json\/wp\/v2\/users\/1"}],"replies":[{"embeddable":true,"href":"https:\/\/francenepalvoyage.com\/en\/wp-json\/wp\/v2\/comments?post=668"}],"version-history":[{"count":0,"href":"https:\/\/francenepalvoyage.com\/en\/wp-json\/wp\/v2\/pages\/668\/revisions"}],"wp:attachment":[{"href":"https:\/\/francenepalvoyage.com\/en\/wp-json\/wp\/v2\/media?parent=668"}],"curies":[{"name":"wp","href":"https:\/\/api.w.org\/{rel}","templated":true}]}}